{"id":23,"date":"2021-03-10T14:42:44","date_gmt":"2021-03-10T14:42:44","guid":{"rendered":"https:\/\/tierarzt-fulpmes.at\/?page_id=23"},"modified":"2021-03-11T11:11:25","modified_gmt":"2021-03-11T11:11:25","slug":"datenschutz","status":"publish","type":"page","link":"https:\/\/tierarzt-fulpmes.at\/?page_id=23","title":{"rendered":"Datenschutz"},"content":{"rendered":"\n<h2 class=\"wp-block-heading\">Datenschutzerkl\u00e4rung<\/h2>\n\n\n\n<p>Wir haben diese Datenschutzerkl\u00e4rung (Fassung 11.03.2021-111674931) verfasst, um Ihnen gem\u00e4\u00df der Vorgaben der <a href=\"https:\/\/eur-lex.europa.eu\/legal-content\/DE\/ALL\/?uri=celex%3A32016R0679&amp;tid=111674931\" target=\"_blank\" rel=\"noreferrer noopener\">Datenschutz-Grundverordnung (EU) 2016\/679<\/a> zu erkl\u00e4ren, welche Informationen wir sammeln, wie wir Daten verwenden und welche Entscheidungsm\u00f6glichkeiten Sie als Besucher dieser Webseite haben.<\/p>\n\n\n\n<p>Datenschutzerkl\u00e4rungen klingen f\u00fcr gew\u00f6hnlich sehr technisch. Diese Version soll Ihnen hingegen die wichtigsten Dinge so einfach und klar wie m\u00f6glich beschreiben. Soweit es m\u00f6glich ist, werden technische Begriffe leserfreundlich erkl\u00e4rt. Au\u00dferdem m\u00f6chten wir vermitteln, dass wir mit dieser Website nur dann Informationen sammeln und verwenden, wenn eine entsprechende gesetzliche Grundlage gegeben ist. Das ist sicher nicht m\u00f6glich, wenn man m\u00f6glichst knappe, technische Erkl\u00e4rungen abgibt, so wie sie im Internet oft Standard sind, wenn es um Datenschutz geht. Ich hoffe Sie finden die folgenden Erl\u00e4uterungen interessant und informativ und vielleicht ist die eine oder andere Information dabei, die Sie noch nicht kannten.<br>Wenn trotzdem Fragen bleiben, m\u00f6chten wir Sie bitten den vorhandenen Links zu folgen und sich weitere Informationen auf Drittseiten anzusehen, oder uns einfach eine E-Mail zu schreiben. Unsere Kontaktdaten finden Sie im Impressum.<\/p>\n\n\n\n<h2 class=\"wp-block-heading\" id=\"automatische-datenspeicherung\">Automatische Datenspeicherung<\/h2>\n\n\n\n<p>Wenn Sie heutzutage Websites besuchen, werden gewisse Informationen automatisch erstellt und gespeichert, so auch auf dieser Website. Diese gesammelten Daten sollten m\u00f6glichst sparsam und nur mit Begr\u00fcndung gesammelt werden werden. Mit Website meinen wir \u00fcbrigens die Gesamtheit aller Webseiten auf Ihrer Domain, d.h. alles von der Startseite (Homepage) bis hin zur aller letzten Unterseite (wie dieser hier). Mit Domain meinen wir zum Beispiel beispiel.de oder musterbeispiel.com.<\/p>\n\n\n\n<p>Auch w\u00e4hrend Sie unsere Website jetzt gerade besuchen, speichert unser Webserver \u2013 das ist der Computer auf dem diese Webseite gespeichert ist \u2013&nbsp; aus Gr\u00fcnden der Betriebssicherheit, zur Erstellung von Zugriffsstatistik usw. in der Regel automatisch Daten wie<\/p>\n\n\n\n<ul class=\"wp-block-list\"><li>die komplette Internetadresse (URL) der aufgerufenen Webseite (z. B. https:\/\/www.beispielwebsite.de\/beispielunterseite.html\/)<\/li><li>Browser und Browserversion (z. B. Chrome 87)<\/li><li>das verwendete Betriebssystem (z. B. Windows 10)<\/li><li>die Adresse (URL) der zuvor besuchten Seite (Referrer URL) (z. B. https:\/\/www.beispielquellsite.de\/vondabinichgekommen.html\/)<\/li><li>den Hostname und die IP-Adresse des Ger\u00e4ts von welchem aus zugegriffen wird (z. B. COMPUTERNAME und 194.23.43.121)<\/li><li>Datum und Uhrzeit<\/li><li>in Dateien, den sogenannten Webserver-Logfiles.<\/li><\/ul>\n\n\n\n<p>Zur Veranschaulichung:<\/p>\n\n\n\n<figure class=\"wp-block-image\"><img decoding=\"async\" src=\"https:\/\/www.adsimple.at\/wp-content\/uploads\/2018\/03\/browser-und-webserver.svg\" alt=\"Browser und Webserver\"\/><\/figure>\n\n\n\n<p>In der Regel werden diese Dateien zwei Wochen gespeichert und danach automatisch gel\u00f6scht. Wir geben diese Daten nicht weiter, k\u00f6nnen jedoch nicht ausschlie\u00dfen, dass diese Daten beim Vorliegen von rechtswidrigem Verhalten von Beh\u00f6rden eingesehen werden.<\/p>\n\n\n\n<p>Kurz gesagt: Ihr Besuch wird durch unseren Provider (Firma, die unsere Website auf speziellen Computern (Servern) laufen l\u00e4sst), protokolliert, aber wir geben Ihre Daten nicht weiter!<\/p>\n\n\n\n<h2 class=\"wp-block-heading\" id=\"cookies\">Cookies<\/h2>\n\n\n\n<p>Unsere Webseite verwendet HTTP-Cookies, um nutzerspezifische Daten zu speichern.<br>Im Folgenden erkl\u00e4ren wir, was Cookies sind und warum Sie genutzt werden, damit Sie die folgende Datenschutzerkl\u00e4rung besser verstehen.<\/p>\n\n\n\n<h3 class=\"wp-block-heading\">Was genau sind Cookies?<\/h3>\n\n\n\n<p>Immer wenn Sie durch das Internet surfen, verwenden Sie einen Browser. Bekannte Browser sind beispielsweise Chrome, Safari, Firefox, Internet Explorer und Microsoft Edge. Die meisten Webseiten speichern kleine Text-Dateien in Ihrem Browser. Diese Dateien nennt man Cookies.<\/p>\n\n\n\n<p>Eines ist nicht von der Hand zu weisen: Cookies sind echt n\u00fctzliche Helferlein. Fast alle Webseiten verwenden&nbsp;Cookies. Genauer gesprochen sind es HTTP-Cookies, da es auch noch andere Cookies f\u00fcr andere Anwendungsbereiche gibt. HTTP-Cookies&nbsp;sind kleine Dateien, die von unserer Webseite auf Ihrem Computer gespeichert werden. Diese Cookie-Dateien werden automatisch im Cookie-Ordner, quasi dem \u201cHirn\u201d Ihres Browsers, untergebracht. Ein Cookie besteht aus einem Namen und einem Wert. Bei der Definition eines Cookies m\u00fcssen zus\u00e4tzlich ein oder mehrere Attribute angegeben werden.<\/p>\n\n\n\n<p>Cookies&nbsp;speichern gewisse Nutzerdaten von Ihnen, wie beispielsweise Sprache oder pers\u00f6nliche Seiteneinstellungen. Wenn Sie unsere Seite wieder aufrufen, \u00fcbermittelt Ihr Browser die \u201euserbezogenen\u201c Informationen an unsere Seite zur\u00fcck. Dank der Cookies wei\u00df unsere Webseite, wer Sie sind und bietet Ihnen die Einstellung, die Sie gewohnt sind. In einigen Browsern hat jedes&nbsp;Cookie&nbsp;eine eigene Datei, in anderen wie beispielsweise Firefox sind alle&nbsp;Cookies&nbsp;in einer einzigen Datei gespeichert.<\/p>\n\n\n\n<p>Es gibt sowohl Erstanbieter Cookies als auch Drittanbieter-Cookies. Erstanbieter-Cookies werden direkt von unserer Seite erstellt, Drittanbieter-Cookies werden von Partner-Webseiten (z.B. Google Analytics) erstellt.&nbsp;Jedes Cookie ist individuell zu bewerten, da jedes Cookie andere Daten speichert. Auch die Ablaufzeit eines Cookies variiert von ein paar Minuten bis hin zu ein paar Jahren.&nbsp;Cookies sind keine Software-Programme und enthalten keine Viren, Trojaner oder andere \u201eSch\u00e4dlinge\u201c. Cookies k\u00f6nnen auch nicht auf Informationen Ihres PCs zugreifen.<\/p>\n\n\n\n<p>So k\u00f6nnen zum Beispiel Cookie-Daten aussehen:<\/p>\n\n\n\n<p><strong>Name:<\/strong> _ga<br><strong>Wert:<\/strong>&nbsp;GA1.2.1326744211.152111674931-9<br><strong>Verwendungszweck:<\/strong> Unterscheidung der Webseitenbesucher<br><strong>Ablaufdatum:<\/strong>&nbsp;nach 2 Jahren<\/p>\n\n\n\n<p>Diese Mindestgr\u00f6\u00dfen sollte ein Browser unterst\u00fctzen k\u00f6nnen:<\/p>\n\n\n\n<ul class=\"wp-block-list\"><li>Mindestens 4096 Bytes pro Cookie<\/li><li>Mindestens 50 Cookies pro Domain<\/li><li>Mindestens 3000 Cookies insgesamt<\/li><\/ul>\n\n\n\n<h3 class=\"wp-block-heading\">Welche Arten von Cookies gibt es?<\/h3>\n\n\n\n<p>Die Frage welche Cookies wir im Speziellen verwenden, h\u00e4ngt von den verwendeten Diensten ab und wird in den folgenden Abschnitten der Datenschutzerkl\u00e4rung gekl\u00e4rt. An dieser Stelle m\u00f6chten wir kurz auf die verschiedenen Arten von HTTP-Cookies eingehen.<\/p>\n\n\n\n<p>Man kann 4 Arten von Cookies unterscheiden:<\/p>\n\n\n\n<p><strong>Unerl\u00e4ssliche Cookies<br><\/strong>Diese Cookies sind n\u00f6tig, um grundlegende Funktionen der Webseite sicherzustellen. Zum Beispiel braucht es diese Cookies, wenn ein User ein Produkt in den Warenkorb legt, dann auf anderen Seiten weitersurft und sp\u00e4ter erst zur Kasse geht. Durch diese Cookies wird der Warenkorb nicht gel\u00f6scht, selbst wenn der User sein Browserfenster schlie\u00dft.<\/p>\n\n\n\n<p><strong>Zweckm\u00e4\u00dfige Cookies<br><\/strong>Diese Cookies sammeln Infos \u00fcber das Userverhalten und ob der User etwaige Fehlermeldungen bekommt. Zudem werden mithilfe dieser Cookies auch die Ladezeit und das Verhalten der Webseite bei verschiedenen Browsern gemessen.<\/p>\n\n\n\n<p><strong>Zielorientierte Cookies<br><\/strong>Diese Cookies sorgen f\u00fcr eine bessere Nutzerfreundlichkeit. Beispielsweise werden eingegebene Standorte, Schriftgr\u00f6\u00dfen oder Formulardaten gespeichert.<\/p>\n\n\n\n<p><strong>Werbe-Cookies<br><\/strong>Diese Cookies werden auch Targeting-Cookies genannt. Sie dienen dazu dem User individuell angepasste Werbung zu liefern. Das kann sehr praktisch, aber auch sehr nervig sein.<\/p>\n\n\n\n<p>\u00dcblicherweise werden Sie beim erstmaligen Besuch einer Webseite gefragt, welche dieser Cookiearten Sie zulassen m\u00f6chten. Und nat\u00fcrlich wird diese Entscheidung auch in einem Cookie gespeichert.<\/p>\n\n\n\n<h3 class=\"wp-block-heading\">Wie kann ich Cookies l\u00f6schen?<\/h3>\n\n\n\n<p>Wie und ob Sie Cookies verwenden wollen, entscheiden Sie selbst. Unabh\u00e4ngig von welchem Service oder welcher Webseite die Cookies stammen, haben Sie immer die M\u00f6glichkeit&nbsp;Cookies zu l\u00f6schen, zu deaktivieren oder nur teilweise zuzulassen. Zum Beispiel k\u00f6nnen Sie Cookies von Drittanbietern blockieren, aber alle anderen Cookies zulassen.<\/p>\n\n\n\n<p>Wenn Sie feststellen m\u00f6chten, welche Cookies in Ihrem Browser gespeichert wurden, wenn Sie Cookie-Einstellungen \u00e4ndern oder l\u00f6schen wollen, k\u00f6nnen Sie dies in Ihren Browser-Einstellungen finden:<\/p>\n\n\n\n<p><a href=\"https:\/\/support.google.com\/chrome\/answer\/95647?tid=111674931\" target=\"_blank\" rel=\"noreferrer noopener\">Chrome: Cookies in Chrome l\u00f6schen, aktivieren und verwalten<\/a><\/p>\n\n\n\n<p><a href=\"https:\/\/support.apple.com\/de-at\/guide\/safari\/sfri11471\/mac?tid=111674931\" target=\"_blank\" rel=\"noreferrer noopener\">Safari: Verwalten von Cookies und Websitedaten mit Safari<\/a><\/p>\n\n\n\n<p><a href=\"https:\/\/support.mozilla.org\/de\/kb\/cookies-und-website-daten-in-firefox-loschen?tid=111674931\" target=\"_blank\" rel=\"noreferrer noopener\">Firefox: Cookies l\u00f6schen, um Daten zu entfernen, die Websites auf Ihrem Computer abgelegt haben<\/a><\/p>\n\n\n\n<p><a href=\"https:\/\/support.microsoft.com\/de-at\/help\/17442\/windows-internet-explorer-delete-manage-cookies?tid=111674931\" target=\"_blank\" rel=\"noreferrer noopener\">Internet Explorer: L\u00f6schen und Verwalten von Cookies<\/a><\/p>\n\n\n\n<p><a href=\"https:\/\/support.microsoft.com\/de-at\/help\/4027947\/windows-delete-cookies?tid=111674931\" target=\"_blank\" rel=\"noreferrer noopener\">Microsoft Edge: L\u00f6schen und Verwalten von Cookies<\/a><\/p>\n\n\n\n<p>Falls Sie grunds\u00e4tzlich keine Cookies haben wollen, k\u00f6nnen Sie Ihren Browser so einrichten, dass er Sie immer informiert, wenn ein Cookie gesetzt werden soll. So k\u00f6nnen Sie bei jedem einzelnen Cookie entscheiden, ob Sie das Cookie erlauben oder nicht. Die Vorgangsweise ist je nach Browser verschieden. Am besten Sie suchen die Anleitung in Google mit dem Suchbegriff \u201cCookies l\u00f6schen Chrome\u201d oder \u201cCookies deaktivieren Chrome\u201d im Falle eines Chrome Browsers.<\/p>\n\n\n\n<h3 class=\"wp-block-heading\">Wie sieht es mit meinem Datenschutz aus?<\/h3>\n\n\n\n<p>Seit 2009 gibt es die sogenannten \u201eCookie-Richtlinien\u201c. Darin ist festgehalten, dass das Speichern von Cookies eine Einwilligung von Ihnen verlangt. Innerhalb der EU-L\u00e4nder gibt es allerdings noch sehr unterschiedliche Reaktionen auf diese Richtlinien. In \u00d6sterreich erfolgte aber die Umsetzung dieser Richtlinie in \u00a7 96 Abs. 3 des Telekommunikationsgesetzes (TKG).<\/p>\n\n\n\n<p>Wenn Sie mehr \u00fcber Cookies wissen m\u00f6chten und technische Dokumentationen nicht scheuen, empfehlen wir <a href=\"https:\/\/tools.ietf.org\/html\/rfc6265\" target=\"_blank\" rel=\"noreferrer noopener\">https:\/\/tools.ietf.org\/html\/rfc6265<\/a>, dem Request for Comments der Internet Engineering Task Force (IETF) namens \u201cHTTP State Management Mechanism\u201d.<\/p>\n\n\n\n<h2 class=\"wp-block-heading\" id=\"rechte-dsgvo\">Rechte laut Datenschutzgrundverordnung<\/h2>\n\n\n\n<p>Ihnen stehen laut den Bestimmungen der DSGVO und des \u00f6sterreichischen <a href=\"https:\/\/www.ris.bka.gv.at\/GeltendeFassung.wxe?Abfrage=Bundesnormen&amp;Gesetzesnummer=10001597&amp;tid=111674931\" target=\"_blank\" rel=\"noreferrer noopener\">Datenschutzgesetzes (DSG)<\/a> grunds\u00e4tzlich die folgende Rechte zu:<\/p>\n\n\n\n<ul class=\"wp-block-list\"><li>Recht auf Berichtigung (Artikel 16 DSGVO)<\/li><li>Recht auf L\u00f6schung (\u201eRecht auf Vergessenwerden\u201c) (Artikel 17 DSGVO)<\/li><li>Recht auf Einschr\u00e4nkung der Verarbeitung (Artikel 18 DSGVO)<\/li><li>Recht auf Benachrichtigung \u2013 Mitteilungspflicht im Zusammenhang mit der Berichtigung oder L\u00f6schung personenbezogener Daten oder der Einschr\u00e4nkung der Verarbeitung (Artikel 19 DSGVO)<\/li><li>Recht auf Daten\u00fcbertragbarkeit (Artikel 20 DSGVO)<\/li><li>Widerspruchsrecht (Artikel 21 DSGVO)<\/li><li>Recht, nicht einer ausschlie\u00dflich auf einer automatisierten Verarbeitung \u2014 einschlie\u00dflich Profiling \u2014 beruhenden Entscheidung unterworfen zu werden (Artikel 22 DSGVO)<\/li><\/ul>\n\n\n\n<p>Wenn Sie glauben, dass die Verarbeitung Ihrer Daten gegen das Datenschutzrecht verst\u00f6\u00dft oder Ihre datenschutzrechtlichen Anspr\u00fcche sonst in einer Weise verletzt worden sind, k\u00f6nnen Sie sich bei der Aufsichtsbeh\u00f6rde beschweren, welche in \u00d6sterreich die Datenschutzbeh\u00f6rde ist, deren Webseite Sie unter <a href=\"https:\/\/www.dsb.gv.at\/?tid=111674931\">https:\/\/www.dsb.gv.at\/<\/a> finden.<\/p>\n\n\n\n<h2 class=\"wp-block-heading\" id=\"auswertung-des-besucherverhaltens\">Auswertung des Besucherverhaltens<\/h2>\n\n\n\n<p>In der folgenden Datenschutzerkl\u00e4rung informieren wir Sie dar\u00fcber, ob und wie wir Daten Ihres Besuchs dieser Website auswerten. Die Auswertung der gesammelten Daten erfolgt in der Regel anonym und wir k\u00f6nnen von Ihrem Verhalten auf dieser Website nicht auf Ihre Person schlie\u00dfen.<\/p>\n\n\n\n<p>Mehr \u00fcber M\u00f6glichkeiten dieser Auswertung der Besuchsdaten zu widersprechen erfahren Sie in der folgenden Datenschutzerkl\u00e4rung.<\/p>\n\n\n\n<h2 class=\"wp-block-heading\" id=\"tls-verschluesselung-https\">TLS-Verschl\u00fcsselung mit https<\/h2>\n\n\n\n<p>TLS, Verschl\u00fcsselung und https klingen sehr technisch und sind es auch. Wir verwenden HTTPS (das Hypertext Transfer Protocol Secure steht f\u00fcr \u201esicheres Hypertext-\u00dcbertragungsprotokoll\u201c) um Daten abh\u00f6rsicher im Internet zu \u00fcbertragen.<br>Das bedeutet, dass die komplette \u00dcbertragung aller Daten von Ihrem Browser zu unserem Webserver abgesichert ist \u2013 niemand kann \u201cmith\u00f6ren\u201d.<\/p>\n\n\n\n<p>Damit haben wir eine zus\u00e4tzliche Sicherheitsschicht eingef\u00fchrt und erf\u00fcllen Datenschutz durch Technikgestaltung <a href=\"https:\/\/eur-lex.europa.eu\/legal-content\/DE\/TXT\/HTML\/?uri=CELEX:32016R0679&amp;from=DE&amp;tid=111674931\" target=\"_blank\" rel=\"noreferrer noopener\">Artikel 25 Absatz 1 DSGVO<\/a>). Durch den Einsatz von TLS (Transport Layer Security), einem Verschl\u00fcsselungsprotokoll zur sicheren Daten\u00fcbertragung im Internet k\u00f6nnen wir den Schutz vertraulicher Daten sicherstellen.<br>Sie erkennen die Benutzung dieser Absicherung der Daten\u00fcbertragung am kleinen Schlosssymbol <img loading=\"lazy\" decoding=\"async\" src=\"https:\/\/www.adsimple.at\/wp-content\/uploads\/2018\/03\/schlosssymbol-https.svg\" width=\"17\" height=\"18\">&nbsp;links oben im Browser links von der Internetadresse (z. B. beispielseite.de) und der Verwendung des Schemas https (anstatt http) als Teil unserer Internetadresse.<br>Wenn Sie mehr zum Thema Verschl\u00fcsselung wissen m\u00f6chten, empfehlen wir die Google Suche nach \u201cHypertext Transfer Protocol Secure wiki\u201d um gute Links zu weiterf\u00fchrenden Informationen zu erhalten.<\/p>\n\n\n\n<h2 class=\"wp-block-heading\" id=\"google-maps-datenschutzerklaerung\">Google Maps Datenschutzerkl\u00e4rung<\/h2>\n\n\n\n<p>Wir ben\u00fctzen auf unserer Website Google Maps der Firma Google Inc. F\u00fcr den europ\u00e4ischen Raum ist das Unternehmen Google Ireland Limited (Gordon House, Barrow Street Dublin 4, Irland) f\u00fcr alle Google-Dienste verantwortlich. Mit Google Maps k\u00f6nnen wir Ihnen Standorte besser zeigen und damit unser Service an Ihre Bed\u00fcrfnisse anpassen. Durch die Verwendung von Google Maps werden Daten an Google \u00fcbertragen und auf den Google-Servern gespeichert. Hier wollen wir nun genauer darauf eingehen, was Google Maps ist, warum wir diesen Google-Dienst in Anspruch nehmen, welche Daten gespeichert werden und wie Sie dies unterbinden k\u00f6nnen.<\/p>\n\n\n\n<h3 class=\"wp-block-heading\">Was ist Google Maps?<\/h3>\n\n\n\n<p>Google Maps ist ein Internet-Kartendienst der Firma Google. Mit Google Maps k\u00f6nnen Sie online \u00fcber einen PC, ein Tablet oder eine App genaue Standorte von St\u00e4dten, Sehensw\u00fcrdigkeiten, Unterk\u00fcnften oder Unternehmen suchen. Wenn Unternehmen auf Google My Business vertreten sind, werden neben dem Standort noch weitere Informationen \u00fcber die Firma angezeigt. Um die Anfahrtsm\u00f6glichkeit anzuzeigen, k\u00f6nnen Kartenausschnitte eines Standorts mittels HTML-Code in eine Website eingebunden werden. Google Maps zeigt die Erdoberfl\u00e4che als Stra\u00dfenkarte oder als Luft- bzw. Satellitenbild. Dank der Street View Bilder und den hochwertigen Satellitenbildern sind sehr genaue Darstellungen m\u00f6glich.<\/p>\n\n\n\n<h3 class=\"wp-block-heading\">Warum verwenden wir Google Maps auf unserer Webseite?<\/h3>\n\n\n\n<p>All unsere Bem\u00fchungen auf dieser Seite verfolgen das Ziel, Ihnen eine n\u00fctzliche und sinnvolle Zeit auf unserer Webseite zu bieten. Durch die Einbindung von Google Maps k\u00f6nnen wir Ihnen die wichtigsten Informationen zu diversen Standorten liefern. Sie sehen auf einen Blick wo wir unseren Firmensitz haben. Die Wegbeschreibung zeigt Ihnen immer den besten bzw. schnellsten Weg zu uns. Sie k\u00f6nnen den Anfahrtsweg f\u00fcr Routen mit dem Auto, mit \u00f6ffentlichen Verkehrsmitteln, zu Fu\u00df oder mit dem Fahrrad abrufen. F\u00fcr uns ist die Bereitstellung von Google Maps Teil unseres Kundenservice.<\/p>\n\n\n\n<h3 class=\"wp-block-heading\">Welche Daten werden von Google Maps gespeichert?<\/h3>\n\n\n\n<p>Damit Google Maps ihren Dienst vollst\u00e4ndig anbieten kann, muss das Unternehmen Daten von Ihnen aufnehmen und speichern. Dazu z\u00e4hlen unter anderem die eingegebenen Suchbegriffe, Ihre IP-Adresse und auch die Breiten- bzw. L\u00e4ngenkoordinaten. Benutzen Sie die Routenplaner-Funktion wird auch die eingegebene Startadresse gespeichert. Diese Datenspeicherung passiert allerdings auf den Webseiten von Google Maps. Wir k\u00f6nnen Sie dar\u00fcber nur informieren, aber keinen Einfluss nehmen. Da wir Google Maps in unsere Webseite eingebunden haben, setzt Google mindestens ein Cookie (Name: NID) in Ihrem Browser. Dieses Cookie speichert Daten \u00fcber Ihr Userverhalten. Google nutzt diese Daten in erster Linie, um eigene Dienste zu optimieren und individuelle, personalisierte Werbung f\u00fcr Sie bereitzustellen.<\/p>\n\n\n\n<p>Folgendes Cookie wird aufgrund der Einbindung von Google Maps in Ihrem Browser gesetzt:<\/p>\n\n\n\n<p><strong>Name:<\/strong> NID<br><strong>Wert:<\/strong> 188=h26c1Ktha7fCQTx8rXgLyATyITJ111674931-5<br><strong>Verwendungszweck:<\/strong> NID wird von Google verwendet, um Werbeanzeigen an Ihre Google-Suche anzupassen. Mit Hilfe des Cookies \u201eerinnert\u201c sich Google an Ihre am h\u00e4ufigsten eingegebenen Suchanfragen oder Ihre fr\u00fchere Interaktion mit Anzeigen. So bekommen Sie immer ma\u00dfgeschneiderte Werbeanzeigen. Das Cookie enth\u00e4lt eine einzigartige ID, die Google benutzt, um Ihre pers\u00f6nlichen Einstellungen f\u00fcr Werbezwecke zu sammeln.<br><strong>Ablaufdatum:<\/strong> nach 6 Monaten<\/p>\n\n\n\n<p><strong>Anmerkung:<\/strong> Wir k\u00f6nnen bei den Angaben der gespeicherten Daten keine Vollst\u00e4ndigkeit gew\u00e4hrleisten. Speziell bei der Verwendung von Cookies sind Ver\u00e4nderungen nie auszuschlie\u00dfen. Um das Cookie NID zu identifizieren, wurde eine eigene Testseite angelegt, wo ausschlie\u00dflich Google Maps eingebunden war.<\/p>\n\n\n\n<h3 class=\"wp-block-heading\">Wie lange und wo werden die Daten gespeichert?<\/h3>\n\n\n\n<p>Die Google-Server stehen in Rechenzentren auf der ganzen Welt. Die meisten Server befinden sich allerdings in Amerika. Aus diesem Grund werden Ihre Daten auch vermehrt in den USA gespeichert. Hier k\u00f6nnen Sie genau nachlesen wo sich die Google-Rechenzentren befinden: <a href=\"https:\/\/www.google.com\/about\/datacenters\/inside\/locations\/?hl=de\" target=\"_blank\" rel=\"noreferrer noopener\">https:\/\/www.google.com\/about\/datacenters\/inside\/locations\/?hl=de<\/a><\/p>\n\n\n\n<p>Die Daten verteilt Google auf verschiedenen Datentr\u00e4gern. Dadurch sind die Daten schneller abrufbar und werden vor etwaigen Manipulationsversuchen besser gesch\u00fctzt. Jedes Rechenzentrum hat auch spezielle Notfallprogramme. Wenn es zum Beispiel Probleme bei der Google-Hardware gibt oder eine Naturkatastrophe die Server lahm legt, bleiben die Daten ziemlich sicher trotzdem gesch\u00fctzt.<\/p>\n\n\n\n<p>Manche Daten speichert Google f\u00fcr einen festgelegten Zeitraum. Bei anderen Daten bietet Google lediglich die M\u00f6glichkeit, diese manuell zu l\u00f6schen. Weiters anonymisiert das Unternehmen auch Informationen (wie zum Beispiel Werbedaten) in Serverprotokollen, indem es einen Teil der IP-Adresse und Cookie-Informationen nach 9 bzw.18 Monaten l\u00f6scht.<\/p>\n\n\n\n<h3 class=\"wp-block-heading\">Wie kann ich meine Daten l\u00f6schen bzw. die Datenspeicherung verhindern?<\/h3>\n\n\n\n<p>Mit der 2019 eingef\u00fchrten automatischen L\u00f6schfunktion von Standort- und Aktivit\u00e4tsdaten werden Informationen zur Standortbestimmung und Web-\/App-Aktivit\u00e4t \u2013 abh\u00e4ngig von Ihrer Entscheidung \u2013 entweder 3 oder 18 Monate gespeichert und dann gel\u00f6scht. Zudem kann man diese Daten \u00fcber das Google-Konto auch jederzeit manuell aus dem Verlauf l\u00f6schen. Wenn Sie Ihre Standorterfassung vollst\u00e4ndig verhindern wollen, m\u00fcssen Sie im Google-Konto die Rubrik \u201eWeb- und App-Aktivit\u00e4t\u201c pausieren. Klicken Sie \u201eDaten und Personalisierung\u201c und dann auf die Option \u201eAktivit\u00e4tseinstellung\u201c. Hier k\u00f6nnen Sie die Aktivit\u00e4ten ein- oder ausschalten.<\/p>\n\n\n\n<p>In Ihrem Browser k\u00f6nnen Sie weiters auch einzelne Cookies deaktivieren, l\u00f6schen oder verwalten. Je nach dem welchen Browser Sie verwenden, funktioniert dies immer etwas anders. Die folgenden Anleitungen zeigen, wie Sie Cookies in Ihrem Browser verwalten:<\/p>\n\n\n\n<p><a href=\"https:\/\/support.google.com\/chrome\/answer\/95647?tid=111674931\" target=\"_blank\" rel=\"noreferrer noopener\">Chrome: Cookies in Chrome l\u00f6schen, aktivieren und verwalten<\/a><\/p>\n\n\n\n<p><a href=\"https:\/\/support.apple.com\/de-at\/guide\/safari\/sfri11471\/mac?tid=111674931\" target=\"_blank\" rel=\"noreferrer noopener\">Safari: Verwalten von Cookies und Websitedaten mit Safari<\/a><\/p>\n\n\n\n<p><a href=\"https:\/\/support.mozilla.org\/de\/kb\/cookies-und-website-daten-in-firefox-loschen?tid=111674931\" target=\"_blank\" rel=\"noreferrer noopener\">Firefox: Cookies l\u00f6schen, um Daten zu entfernen, die Websites auf Ihrem Computer abgelegt haben<\/a><\/p>\n\n\n\n<p><a href=\"https:\/\/support.microsoft.com\/de-at\/help\/17442\/windows-internet-explorer-delete-manage-cookies?tid=111674931\" target=\"_blank\" rel=\"noreferrer noopener\">Internet Explorer: L\u00f6schen und Verwalten von Cookies<\/a><\/p>\n\n\n\n<p><a href=\"https:\/\/support.microsoft.com\/de-at\/help\/4027947\/windows-delete-cookies?tid=111674931\" target=\"_blank\" rel=\"noreferrer noopener\">Microsoft Edge: L\u00f6schen und Verwalten von Cookies<\/a><\/p>\n\n\n\n<p>Falls Sie grunds\u00e4tzlich keine Cookies haben wollen, k\u00f6nnen Sie Ihren Browser so einrichten, dass er Sie immer informiert, wenn ein Cookie gesetzt werden soll. So k\u00f6nnen Sie bei jedem einzelnen Cookie entscheiden, ob Sie es erlauben oder nicht.<\/p>\n\n\n\n<p>Google ist aktiver Teilnehmer beim EU-U.S. Privacy Shield Framework, wodurch der korrekte und sichere Datentransfer pers\u00f6nlicher Daten geregelt wird. Mehr Informationen dazu finden Sie auf <a href=\"https:\/\/www.privacyshield.gov\/participant?id=a2zt000000001L5AAI\" target=\"_blank\" rel=\"noreferrer noopener\">https:\/\/www.privacyshield.gov\/participant?id=a2zt000000001L5AAI<\/a>. Wenn Sie mehr \u00fcber die Datenverarbeitung von Google erfahren wollen, empfehlen wir Ihnen die hauseigene Datenschutzerkl\u00e4rung des Unternehmens unter <a href=\"https:\/\/policies.google.com\/privacy?hl=de\" target=\"_blank\" rel=\"noreferrer noopener\">https:\/\/policies.google.com\/privacy?hl=de<\/a>. Alle Texte sind urheberrechtlich gesch\u00fctzt.<\/p>\n\n\n\n<p>Quelle: Erstellt mit dem <a href=\"https:\/\/www.adsimple.at\/datenschutz-generator\/\">Datenschutz Generator<\/a> von AdSimple<\/p>\n","protected":false},"excerpt":{"rendered":"<p>Datenschutzerkl&auml;rung Wir haben diese Datenschutzerkl&auml;rung (Fassung 11.03.2021-111674931) verfasst, um Ihnen gem&auml;&szlig; der Vorgaben der Datenschutz-Grundverordnung (EU) 2016\/679 zu erkl&auml;ren, welche&#8230;<\/p>\n","protected":false},"author":1,"featured_media":0,"parent":0,"menu_order":0,"comment_status":"closed","ping_status":"closed","template":"","meta":{"footnotes":""},"class_list":["post-23","page","type-page","status-publish","hentry","post-archive"],"_links":{"self":[{"href":"https:\/\/tierarzt-fulpmes.at\/index.php?rest_route=\/wp\/v2\/pages\/23","targetHints":{"allow":["GET"]}}],"collection":[{"href":"https:\/\/tierarzt-fulpmes.at\/index.php?rest_route=\/wp\/v2\/pages"}],"about":[{"href":"https:\/\/tierarzt-fulpmes.at\/index.php?rest_route=\/wp\/v2\/types\/page"}],"author":[{"embeddable":true,"href":"https:\/\/tierarzt-fulpmes.at\/index.php?rest_route=\/wp\/v2\/users\/1"}],"replies":[{"embeddable":true,"href":"https:\/\/tierarzt-fulpmes.at\/index.php?rest_route=%2Fwp%2Fv2%2Fcomments&post=23"}],"version-history":[{"count":3,"href":"https:\/\/tierarzt-fulpmes.at\/index.php?rest_route=\/wp\/v2\/pages\/23\/revisions"}],"predecessor-version":[{"id":126,"href":"https:\/\/tierarzt-fulpmes.at\/index.php?rest_route=\/wp\/v2\/pages\/23\/revisions\/126"}],"wp:attachment":[{"href":"https:\/\/tierarzt-fulpmes.at\/index.php?rest_route=%2Fwp%2Fv2%2Fmedia&parent=23"}],"curies":[{"name":"wp","href":"https:\/\/api.w.org\/{rel}","templated":true}]}}